{"id":2054,"date":"2021-07-07T11:24:49","date_gmt":"2021-07-07T11:24:49","guid":{"rendered":"https:\/\/ishvaritantra.com\/?page_id=2054"},"modified":"2021-07-07T11:49:20","modified_gmt":"2021-07-07T11:49:20","slug":"legal-notice","status":"publish","type":"page","link":"https:\/\/ishvaritantra.com\/en\/legal-notice\/","title":{"rendered":"LEGAL NOTICE"},"content":{"rendered":"\t\t<div data-elementor-type=\"wp-page\" data-elementor-id=\"2054\" class=\"elementor elementor-2054\" data-elementor-post-type=\"page\">\n\t\t\t\t\t\t<section class=\"elementor-section elementor-top-section elementor-element elementor-element-8a257ba elementor-section-boxed elementor-section-height-default elementor-section-height-default\" data-id=\"8a257ba\" data-element_type=\"section\" data-e-type=\"section\">\n\t\t\t\t\t\t<div class=\"elementor-container elementor-column-gap-default\">\n\t\t\t\t\t<div class=\"elementor-column elementor-col-100 elementor-top-column elementor-element elementor-element-47d52da\" data-id=\"47d52da\" data-element_type=\"column\" data-e-type=\"column\">\n\t\t\t<div class=\"elementor-widget-wrap elementor-element-populated\">\n\t\t\t\t\t\t<div class=\"elementor-element elementor-element-6800d6c elementor-widget elementor-widget-text-editor\" data-id=\"6800d6c\" data-element_type=\"widget\" data-e-type=\"widget\" data-widget_type=\"text-editor.default\">\n\t\t\t\t<div class=\"elementor-widget-container\">\n\t\t\t\t\t\t\t\t\t<h4><strong>LEGAL NOTICE<\/strong><\/h4><div id=\"SITE_PAGES\"><div class=\"_3tDhR\"><div id=\"kb1l9\" class=\"_3akMP\"><div class=\"_2egft\"><div id=\"Containerkb1l9\" class=\"_1Cfot\"><div class=\"\" data-mesh-id=\"Containerkb1l9inlineContent\" data-testid=\"inline-content\"><div data-mesh-id=\"Containerkb1l9inlineContent-gridContainer\" data-testid=\"mesh-container-content\"><section id=\"comp-kks2q8zc\" class=\"JSM9k\"><div class=\"_2EoGw\" data-testid=\"columns\"><div id=\"comp-kks2q8zd\" class=\"_31Ne5\"><div class=\"\" data-mesh-id=\"comp-kks2q8zdinlineContent\" data-testid=\"inline-content\"><div data-mesh-id=\"comp-kks2q8zdinlineContent-gridContainer\" data-testid=\"mesh-container-content\"><div id=\"comp-kks2q8ze1\" class=\"_2bafp\" data-testid=\"richTextElement\"><p class=\"font_9\"><span class=\"color_15\"><em><strong>Society <\/strong><\/em>: Satyam Shivam Sundaram LP<\/span><\/p><p class=\"font_9\"><span class=\"color_15\"><em><strong>Adress :<\/strong><\/em> 101 Rose Street South Lane, Edinburgh, Scotland, EH2 3JG<\/span><\/p><p class=\"font_9\"><span class=\"color_15\"><em><strong>E-mail\u00a0:<\/strong> <\/em><span style=\"background-color: #d5d5d5;\">info@ishvaritantra.com<\/span><\/span><\/p><p class=\"font_9\"><span class=\"color_15\"><em><strong>Repr\u00e9sentant autoris\u00e9\u00a0:<\/strong> <\/em>M\u00e9lanie Auguste<\/span><\/p><p class=\"font_9\"><span class=\"color_15\"><em><strong>Register number :<\/strong> <\/em>SL035092<\/span><\/p><p class=\"font_9\"><em><strong><span class=\"color_15\">This website is the property of Satyam Shiva Sundam.<\/span><\/strong><\/em><\/p><p><em><strong>\u200bHosted by<\/strong><strong>A2 Hosting Inc.<\/strong><strong>\u00a0<br \/><\/strong><\/em>Adresse\u00a0:\u00a0P.O. Box 2998,\u00a0Ann Arbor, MI 48106, USA.<\/p><\/div><\/div><\/div><\/div><\/div><\/section><\/div><\/div><\/div><\/div><\/div><\/div><\/div>\t\t\t\t\t\t\t\t<\/div>\n\t\t\t\t<\/div>\n\t\t\t\t\t<\/div>\n\t\t<\/div>\n\t\t\t\t\t<\/div>\n\t\t<\/section>\n\t\t\t\t<\/div>\n\t\t","protected":false},"excerpt":{"rendered":"<p>LEGAL NOTICE Society : Satyam Shivam Sundaram LP Adress : 101 Rose Street South Lane, Edinburgh, Scotland, EH2 3JG E-mail&nbsp;: info@ishvaritantra.com Repr\u00e9sentant autoris\u00e9&nbsp;: M\u00e9lanie Auguste Register number : SL035092 This website is the property of Satyam Shiva Sundam. \u200bHosted byA2 Hosting Inc.&nbsp; Adresse&nbsp;:&nbsp;P.O. Box 2998,&nbsp;Ann Arbor, MI 48106, USA.<\/p>\n","protected":false},"author":5,"featured_media":0,"parent":0,"menu_order":0,"comment_status":"closed","ping_status":"closed","template":"","meta":{"site-sidebar-layout":"no-sidebar","site-content-layout":"page-builder","ast-site-content-layout":"default","site-content-style":"default","site-sidebar-style":"default","ast-global-header-display":"","ast-banner-title-visibility":"","ast-main-header-display":"","ast-hfb-above-header-display":"","ast-hfb-below-header-display":"","ast-hfb-mobile-header-display":"","site-post-title":"disabled","ast-breadcrumbs-content":"","ast-featured-img":"disabled","footer-sml-layout":"","ast-disable-related-posts":"","theme-transparent-header-meta":"default","adv-header-id-meta":"","stick-header-meta":"","header-above-stick-meta":"","header-main-stick-meta":"","header-below-stick-meta":"","astra-migrate-meta-layouts":"default","ast-page-background-enabled":"default","ast-page-background-meta":{"desktop":{"background-color":"","background-image":"","background-repeat":"repeat","background-position":"center center","background-size":"auto","background-attachment":"scroll","background-type":"","background-media":"","overlay-type":"","overlay-color":"","overlay-opacity":"","overlay-gradient":""},"tablet":{"background-color":"","background-image":"","background-repeat":"repeat","background-position":"center center","background-size":"auto","background-attachment":"scroll","background-type":"","background-media":"","overlay-type":"","overlay-color":"","overlay-opacity":"","overlay-gradient":""},"mobile":{"background-color":"","background-image":"","background-repeat":"repeat","background-position":"center center","background-size":"auto","background-attachment":"scroll","background-type":"","background-media":"","overlay-type":"","overlay-color":"","overlay-opacity":"","overlay-gradient":""}},"ast-content-background-meta":{"desktop":{"background-color":"var(--ast-global-color-5)","background-image":"","background-repeat":"repeat","background-position":"center center","background-size":"auto","background-attachment":"scroll","background-type":"","background-media":"","overlay-type":"","overlay-color":"","overlay-opacity":"","overlay-gradient":""},"tablet":{"background-color":"var(--ast-global-color-5)","background-image":"","background-repeat":"repeat","background-position":"center center","background-size":"auto","background-attachment":"scroll","background-type":"","background-media":"","overlay-type":"","overlay-color":"","overlay-opacity":"","overlay-gradient":""},"mobile":{"background-color":"var(--ast-global-color-5)","background-image":"","background-repeat":"repeat","background-position":"center center","background-size":"auto","background-attachment":"scroll","background-type":"","background-media":"","overlay-type":"","overlay-color":"","overlay-opacity":"","overlay-gradient":""}},"footnotes":""},"class_list":["post-2054","page","type-page","status-publish","hentry"],"yoast_head":"<!-- This site is optimized with the Yoast SEO plugin v27.3 - https:\/\/yoast.com\/product\/yoast-seo-wordpress\/ -->\n<title>LEGAL NOTICE - Ishvari Tantra<\/title>\n<meta name=\"robots\" content=\"index, follow, max-snippet:-1, max-image-preview:large, max-video-preview:-1\" \/>\n<link rel=\"canonical\" href=\"https:\/\/ishvaritantra.com\/legal-notice\/\" \/>\n<meta property=\"og:locale\" content=\"en_US\" \/>\n<meta property=\"og:type\" content=\"article\" \/>\n<meta property=\"og:title\" content=\"LEGAL NOTICE - Ishvari Tantra\" \/>\n<meta property=\"og:description\" content=\"LEGAL NOTICE Society : Satyam Shivam Sundaram LP Adress : 101 Rose Street South Lane, Edinburgh, Scotland, EH2 3JG E-mail&nbsp;: info@ishvaritantra.com Repr\u00e9sentant autoris\u00e9&nbsp;: M\u00e9lanie Auguste Register number : SL035092 This website is the property of Satyam Shiva Sundam. \u200bHosted byA2 Hosting Inc.&nbsp; Adresse&nbsp;:&nbsp;P.O. Box 2998,&nbsp;Ann Arbor, MI 48106, USA.\" \/>\n<meta property=\"og:url\" content=\"https:\/\/ishvaritantra.com\/legal-notice\/\" \/>\n<meta property=\"og:site_name\" content=\"Ishvari Tantra\" \/>\n<meta property=\"article:modified_time\" content=\"2021-07-07T11:49:20+00:00\" \/>\n<meta name=\"twitter:card\" content=\"summary_large_image\" \/>\n<script type=\"application\/ld+json\" class=\"yoast-schema-graph\">{\"@context\":\"https:\\\/\\\/schema.org\",\"@graph\":[{\"@type\":\"WebPage\",\"@id\":\"https:\\\/\\\/ishvaritantra.com\\\/legal-notice\\\/\",\"url\":\"https:\\\/\\\/ishvaritantra.com\\\/legal-notice\\\/\",\"name\":\"LEGAL NOTICE - Ishvari Tantra\",\"isPartOf\":{\"@id\":\"https:\\\/\\\/ishvaritantra.com\\\/#website\"},\"datePublished\":\"2021-07-07T11:24:49+00:00\",\"dateModified\":\"2021-07-07T11:49:20+00:00\",\"breadcrumb\":{\"@id\":\"https:\\\/\\\/ishvaritantra.com\\\/legal-notice\\\/#breadcrumb\"},\"inLanguage\":\"en-US\",\"potentialAction\":[{\"@type\":\"ReadAction\",\"target\":[\"https:\\\/\\\/ishvaritantra.com\\\/legal-notice\\\/\"]}]},{\"@type\":\"BreadcrumbList\",\"@id\":\"https:\\\/\\\/ishvaritantra.com\\\/legal-notice\\\/#breadcrumb\",\"itemListElement\":[{\"@type\":\"ListItem\",\"position\":1,\"name\":\"Home\",\"item\":\"https:\\\/\\\/ishvaritantra.com\\\/en\\\/\"},{\"@type\":\"ListItem\",\"position\":2,\"name\":\"LEGAL NOTICE\"}]},{\"@type\":\"WebSite\",\"@id\":\"https:\\\/\\\/ishvaritantra.com\\\/#website\",\"url\":\"https:\\\/\\\/ishvaritantra.com\\\/\",\"name\":\"Ishvari Tantra\",\"description\":\"\",\"potentialAction\":[{\"@type\":\"SearchAction\",\"target\":{\"@type\":\"EntryPoint\",\"urlTemplate\":\"https:\\\/\\\/ishvaritantra.com\\\/?s={search_term_string}\"},\"query-input\":{\"@type\":\"PropertyValueSpecification\",\"valueRequired\":true,\"valueName\":\"search_term_string\"}}],\"inLanguage\":\"en-US\"}]}<\/script>\n<!-- \/ Yoast SEO plugin. -->","yoast_head_json":{"title":"LEGAL NOTICE - Ishvari Tantra","robots":{"index":"index","follow":"follow","max-snippet":"max-snippet:-1","max-image-preview":"max-image-preview:large","max-video-preview":"max-video-preview:-1"},"canonical":"https:\/\/ishvaritantra.com\/legal-notice\/","og_locale":"en_US","og_type":"article","og_title":"LEGAL NOTICE - Ishvari Tantra","og_description":"LEGAL NOTICE Society : Satyam Shivam Sundaram LP Adress : 101 Rose Street South Lane, Edinburgh, Scotland, EH2 3JG E-mail&nbsp;: info@ishvaritantra.com Repr\u00e9sentant autoris\u00e9&nbsp;: M\u00e9lanie Auguste Register number : SL035092 This website is the property of Satyam Shiva Sundam. \u200bHosted byA2 Hosting Inc.&nbsp; Adresse&nbsp;:&nbsp;P.O. Box 2998,&nbsp;Ann Arbor, MI 48106, USA.","og_url":"https:\/\/ishvaritantra.com\/legal-notice\/","og_site_name":"Ishvari Tantra","article_modified_time":"2021-07-07T11:49:20+00:00","twitter_card":"summary_large_image","schema":{"@context":"https:\/\/schema.org","@graph":[{"@type":"WebPage","@id":"https:\/\/ishvaritantra.com\/legal-notice\/","url":"https:\/\/ishvaritantra.com\/legal-notice\/","name":"LEGAL NOTICE - Ishvari Tantra","isPartOf":{"@id":"https:\/\/ishvaritantra.com\/#website"},"datePublished":"2021-07-07T11:24:49+00:00","dateModified":"2021-07-07T11:49:20+00:00","breadcrumb":{"@id":"https:\/\/ishvaritantra.com\/legal-notice\/#breadcrumb"},"inLanguage":"en-US","potentialAction":[{"@type":"ReadAction","target":["https:\/\/ishvaritantra.com\/legal-notice\/"]}]},{"@type":"BreadcrumbList","@id":"https:\/\/ishvaritantra.com\/legal-notice\/#breadcrumb","itemListElement":[{"@type":"ListItem","position":1,"name":"Home","item":"https:\/\/ishvaritantra.com\/en\/"},{"@type":"ListItem","position":2,"name":"LEGAL NOTICE"}]},{"@type":"WebSite","@id":"https:\/\/ishvaritantra.com\/#website","url":"https:\/\/ishvaritantra.com\/","name":"Ishvari Tantra","description":"","potentialAction":[{"@type":"SearchAction","target":{"@type":"EntryPoint","urlTemplate":"https:\/\/ishvaritantra.com\/?s={search_term_string}"},"query-input":{"@type":"PropertyValueSpecification","valueRequired":true,"valueName":"search_term_string"}}],"inLanguage":"en-US"}]}},"_links":{"self":[{"href":"https:\/\/ishvaritantra.com\/en\/wp-json\/wp\/v2\/pages\/2054","targetHints":{"allow":["GET"]}}],"collection":[{"href":"https:\/\/ishvaritantra.com\/en\/wp-json\/wp\/v2\/pages"}],"about":[{"href":"https:\/\/ishvaritantra.com\/en\/wp-json\/wp\/v2\/types\/page"}],"author":[{"embeddable":true,"href":"https:\/\/ishvaritantra.com\/en\/wp-json\/wp\/v2\/users\/5"}],"replies":[{"embeddable":true,"href":"https:\/\/ishvaritantra.com\/en\/wp-json\/wp\/v2\/comments?post=2054"}],"version-history":[{"count":2,"href":"https:\/\/ishvaritantra.com\/en\/wp-json\/wp\/v2\/pages\/2054\/revisions"}],"predecessor-version":[{"id":2065,"href":"https:\/\/ishvaritantra.com\/en\/wp-json\/wp\/v2\/pages\/2054\/revisions\/2065"}],"wp:attachment":[{"href":"https:\/\/ishvaritantra.com\/en\/wp-json\/wp\/v2\/media?parent=2054"}],"curies":[{"name":"wp","href":"https:\/\/api.w.org\/{rel}","templated":true}]}}